{"id":5872,"date":"2021-06-11T23:41:44","date_gmt":"2021-06-11T21:41:44","guid":{"rendered":"https:\/\/www.migranet-mv.de\/?page_id=5872"},"modified":"2021-06-12T08:53:26","modified_gmt":"2021-06-12T06:53:26","slug":"organisatorische-grundlagen","status":"publish","type":"page","link":"https:\/\/www.migranet-mv.de\/?page_id=5872","title":{"rendered":"Organisatorische Grundlagen"},"content":{"rendered":"\n<h5 class=\"wp-block-heading\">Organisatorische Grundlagen des Netzwerks der MSO aus MV<\/h5>\n\n\n<div class=\"su-list\" style=\"margin-left:0px\">\n<ul>\n<li><i class=\"sui sui-genderless\" style=\"color:#32a50a\"><\/i> 01. Die Konferenz der Migrant*innenselbstorganisationen besteht aus je einer\/m Vertreter*In pro MSO aus MV.<\/li>\n<li><i class=\"sui sui-genderless\" style=\"color:#32a50a\"><\/i> 02. Die Konferenz der Migrant*innenselbstorganisationen trifft sich einmal im Jahr als Mitgliedervollversammlung aller stimmberechtigten Mitglieder.<\/li>\n<li><i class=\"sui sui-genderless\" style=\"color:#32a50a\"><\/i> 03. Der Sprecherrat wird von der Konferenz der Migrant*innenselbstorganisationen aus MV f\u00fcr 3 Jahre als Mitgliedervertretung gew\u00e4hlt.<\/li>\n<li><i class=\"sui sui-genderless\" style=\"color:#32a50a\"><\/i> 04. Die Konferenz der MSO ist beschlussf\u00e4hig, wenn mindestens 1\/3 ihrer ordentlich stimmberechtigten Mitglieder anwesend sind. Sollten nicht mindestens 1\/3 der stimmberechtigten Mitglieder anwesend sein, so entscheidet am letzten Tag der Konferenz die einfache Mehrheit der anwesenden stimmberechtigten Mitglieder.<\/li>\n<li><i class=\"sui sui-genderless\" style=\"color:#32a50a\"><\/i> 05. Der Sprecher*innenrat besteht aus 2 Vertreter*Innen pro Landkreis und 3 Vertreter*Innen jeweils f\u00fcr die kreisfreien St\u00e4dte in MV. Die Sprecher*innenratsmitglieder haben eine Anwesenheitspflicht bei den Sprecher*innenratssitzungen. Wer sie 2mal unentschuldigt nicht erf\u00fcllt hat, kann ersetzt werden. Das Sprecher*innenratsmitglied ist verpflichtet, seine\/n Stellvertreter*In zu informieren, wenn er\/sie an den Sprecher*innenratssitzungen nicht teilnehmen kann.<\/li>\n<li><i class=\"sui sui-genderless\" style=\"color:#32a50a\"><\/i> 06. Der Sprecher*innenrat w\u00e4hlt zwei Personen (m\/w\/d) und drei stellvertretende Personen (m\/w\/d) f\u00fcr 3 Jahre.<\/li>\n<li><i class=\"sui sui-genderless\" style=\"color:#32a50a\"><\/i> 07. Der Sprecher*innenrat trifft sich mindestens 3-mal im Jahr.<\/li>\n<li><i class=\"sui sui-genderless\" style=\"color:#32a50a\"><\/i> 08. Der Sprecher*innenrat w\u00e4hlt 2 Vertreter*Innen aus MV zur Delegation in die Mitgliedversammlung des Bundeszuwanderungs- und Integrationsrats, sowie 10 Vertreter*Innen in die Mitgliederversammlung des Dachverbandes Migrant*innenorganisationen in Ostdeutschland &#8211; DaMOst.<\/li>\n<li><i class=\"sui sui-genderless\" style=\"color:#32a50a\"><\/i> 09. Die Mitglieder des Sprecher*innenrates oder die Mitglieder der MSO, der\/die MIGRANET-MV in verschiedenen Institutionen oder Organisationen vertreten, haben eine Berichtspflicht gegen\u00fcber dem Sprecher*innenrat. Der\/Die Vertreter*In, die\/der sie nicht erf\u00fcllt, kann ersetzt werden.<\/li>\n<li><i class=\"sui sui-genderless\" style=\"color:#32a50a\"><\/i> 10. Es k\u00f6nnen innerhalb des Sprecher*innenrats Arbeitsgruppen (AG) zu speziellen oder konkreten Themen gebildet werden. Der Sprecherrat entscheidet \u00fcber die Gr\u00fcndung der AG&#8217;n. Die AG&#8217;n haben beratende Funktion. Die Mitglieder der AG&#8217;n k\u00f6nnen Sprecher*innenratsmitglieder, Mitglieder der MSO oder sachkundige Personen sein. Die Mitglieder der AG&#8217;n w\u00e4hlen eine\/n Verantwortliche*n, die\/der dem Sprecher*innenrat \u00fcber alle Aktivit\u00e4ten informiert. Die Gesch\u00e4ftsstelle unterst\u00fctzt die Arbeit der AG&#8217;n.<\/li>\n<li><i class=\"sui sui-genderless\" style=\"color:#32a50a\"><\/i> 11. Die Gesch\u00e4ftsstelle des Netzwerks ist bei FABRO e.V. angesiedelt.<\/li>\n<li><i class=\"sui sui-genderless\" style=\"color:#32a50a\"><\/i> 12. Ein Mitglied verliert seine Stimmberechtigung, wenn es unentschuldigt an mindestens 3 Konferenzen in Folge nicht teilgenommen hat. (Die Stimmberechtigungen werden von der Gesch\u00e4ftsstelle laufend auf ihre Aktualit\u00e4t \u00fcberpr\u00fcft).<\/li>\n<\/ul>\n<\/div>\n\n\n\n<h5 class=\"wp-block-heading\">Wahlverfahren (Wahlordnung) f\u00fcr die Wahl der Sprecher*innenratsmitglieder<\/h5>\n\n\n<div class=\"su-list\" style=\"margin-left:0px\">\n<ul>\n<li><i class=\"sui sui-genderless\" style=\"color:#32a50a\"><\/i> 01. Der Sprecher*innenrat besteht aus 2 Vertreter*innen pro Landkreis und 3 Vertreter*Innen jeweils f\u00fcr kreisfreie St\u00e4dte.<\/li>\n<li><i class=\"sui sui-genderless\" style=\"color:#32a50a\"><\/i> 02. In der Konferenz macht jede wahlberechtigte Gruppe der MSO aus einem Kreis \/ einer kreisfreien Stadt einen Vorschlag.<\/li>\n<li><i class=\"sui sui-genderless\" style=\"color:#32a50a\"><\/i> 03. Die Konferenz der MSO aus MV best\u00e4tigt diese Vorgeschlagenen.<\/li>\n<li><i class=\"sui sui-genderless\" style=\"color:#32a50a\"><\/i> 04. Das Wahlverfahren ist eine offene oder geheime Abstimmung.<\/li>\n<\/ul>\n<\/div>\n\n\n\n<h5 class=\"wp-block-heading\">Wahlverfahren (Wahlordnung) f\u00fcr die Wahl der StellvertreterInnen der SprecherInnen des Sprecher*Innenrats<\/h5>\n\n\n<div class=\"su-list\" style=\"margin-left:0px\">\n<ul>\n<li><i class=\"sui sui-genderless\" style=\"color:#32a50a\"><\/i> 01. Die Mitglieder des Sprecherrats w\u00e4hlen zwei zwei Personen (m\/w\/d) und drei stellvertretende Personen (m\/w\/d),<\/li>\n<li><i class=\"sui sui-genderless\" style=\"color:#32a50a\"><\/i> 02. in offener oder geheimer Abstimmung.<\/li>\n<li><i class=\"sui sui-genderless\" style=\"color:#32a50a\"><\/i> 03. Jedes Sprecher*innenratsmitglied hat das Recht, Vorschl\u00e4ge zu machen, zu w\u00e4hlen und gew\u00e4hlt zu werden.<\/li>\n<li><i class=\"sui sui-genderless\" style=\"color:#32a50a\"><\/i> 04. Die Wahl der Stellvertreter*Innen ist getrennt durchzuf\u00fchren.<\/li>\n<li><i class=\"sui sui-genderless\" style=\"color:#32a50a\"><\/i> 05. Gew\u00e4hlt ist, wer die meisten Stimmen erh\u00e4lt. Bei Stimmengleichheit ist ein zweiter Wahlgang zwischen den Bewerberinnen und Bewerbern mit der gleichen Stimmenanzahl durchzuf\u00fchren. Konnte auch danach keine Stimmenmehrheit f\u00fcr eine Bewerberin bzw. einen Bewerber erreicht werden, entscheidet das Los.<\/li>\n<\/ul>\n<\/div>\n\n\n\n<p><span style=\"font-weight: 400\">Beschlossen auf der 15. Konferenz der MSO aus MV des Netzwerks MIGRANET-MV am 06.06.2021 in Rostock.<\/span><\/p>\n","protected":false},"excerpt":{"rendered":"<p>Organisatorische Grundlagen des Netzwerks der MSO aus MV Wahlverfahren (Wahlordnung) f\u00fcr die Wahl der Sprecher*innenratsmitglieder Wahlverfahren (Wahlordnung) f\u00fcr die Wahl der StellvertreterInnen der SprecherInnen des Sprecher*Innenrats Beschlossen auf der 15. Konferenz der MSO aus MV des Netzwerks MIGRANET-MV am 06.06.2021<\/p>\n","protected":false},"author":1,"featured_media":0,"parent":0,"menu_order":0,"comment_status":"closed","ping_status":"closed","template":"","meta":[],"_links":{"self":[{"href":"https:\/\/www.migranet-mv.de\/index.php?rest_route=\/wp\/v2\/pages\/5872"}],"collection":[{"href":"https:\/\/www.migranet-mv.de\/index.php?rest_route=\/wp\/v2\/pages"}],"about":[{"href":"https:\/\/www.migranet-mv.de\/index.php?rest_route=\/wp\/v2\/types\/page"}],"author":[{"embeddable":true,"href":"https:\/\/www.migranet-mv.de\/index.php?rest_route=\/wp\/v2\/users\/1"}],"replies":[{"embeddable":true,"href":"https:\/\/www.migranet-mv.de\/index.php?rest_route=%2Fwp%2Fv2%2Fcomments&post=5872"}],"version-history":[{"count":30,"href":"https:\/\/www.migranet-mv.de\/index.php?rest_route=\/wp\/v2\/pages\/5872\/revisions"}],"predecessor-version":[{"id":5926,"href":"https:\/\/www.migranet-mv.de\/index.php?rest_route=\/wp\/v2\/pages\/5872\/revisions\/5926"}],"wp:attachment":[{"href":"https:\/\/www.migranet-mv.de\/index.php?rest_route=%2Fwp%2Fv2%2Fmedia&parent=5872"}],"curies":[{"name":"wp","href":"https:\/\/api.w.org\/{rel}","templated":true}]}}