{"id":3715,"date":"2019-04-10T18:10:14","date_gmt":"2019-04-10T16:10:14","guid":{"rendered":"https:\/\/www.migranet-mv.de\/?page_id=3715"},"modified":"2019-04-11T18:56:10","modified_gmt":"2019-04-11T16:56:10","slug":"bzi","status":"publish","type":"page","link":"https:\/\/www.migranet-mv.de\/?page_id=3715","title":{"rendered":"BZI"},"content":{"rendered":"\n<figure class=\"wp-block-image is-resized\"><a href=\"http:\/\/www.bzi-bundesintegrationsrat.de\/\" target=\"_blank\" rel=\"noreferrer noopener\"><img decoding=\"async\" loading=\"lazy\" src=\"https:\/\/www.migranet-mv.de\/wp-content\/uploads\/\u00fcber-uns\/dachverb\u00e4nde\/bzi\/Logo-BZI-1024x449.jpg\" alt=\"\" class=\"wp-image-3810\" width=\"256\" height=\"112\" srcset=\"https:\/\/www.migranet-mv.de\/wp-content\/uploads\/\u00fcber-uns\/dachverb\u00e4nde\/bzi\/Logo-BZI-1024x449.jpg 1024w, https:\/\/www.migranet-mv.de\/wp-content\/uploads\/\u00fcber-uns\/dachverb\u00e4nde\/bzi\/Logo-BZI-300x131.jpg 300w, https:\/\/www.migranet-mv.de\/wp-content\/uploads\/\u00fcber-uns\/dachverb\u00e4nde\/bzi\/Logo-BZI-768x337.jpg 768w, https:\/\/www.migranet-mv.de\/wp-content\/uploads\/\u00fcber-uns\/dachverb\u00e4nde\/bzi\/Logo-BZI.jpg 1027w\" sizes=\"(max-width: 256px) 100vw, 256px\" \/><\/a><\/figure>\n\n\n\n<p>Der Bundeszuwanderungs- und Integrationsrat (BZI) wurde in 1998 (damals als Bundesausl\u00e4nderbeirat) als gemeinn\u00fctziger Bundesverband gegr\u00fcndet. Heute repr\u00e4sentiert er etwa 400 Integrationsbeir\u00e4te aus 13 Bundesl\u00e4ndern. Der BZI ist eine \u00fcberkonfessionelle und -parteiliche und Herkunftsl\u00e4nder unabh\u00e4ngige politischen Interessensvertretungen von allen in Deutschland lebenden Menschen mit Migrationshintergrund. Der ehrenamtliche Vorstand und die Gesch\u00e4ftsstelle des BZI leisten f\u00fcr die Interessen von etwa 4 Millionen Menschen mit Migrationshintergrund in vielen Gremien eine intensive Lobbyarbeit. Sie sind Partner f\u00fcr zahlreiche Organisationen, wie die Bundesregierung, den Bundestag und Bundesrat, kooperieren mit anderen Migrantenselbstorganisationen, Kirchen, Gewerkschaften, Sozialverb\u00e4nden und weiteren wichtigen gesellschaftlichen Akteuren. Sie setzen wichtige Themen auf die politische Agenda und bringen diese an die \u00d6ffentlichkeit. Sie sorgen f\u00fcr den Informationsaustausch unter den L\u00e4ndervertretungen und den Beir\u00e4ten. Au\u00dferdem veranstaltet der BZI bundesweite Fachtagungen und steht seinen Mitgliederorganisationen mit Information und Beratung zur Seite.<\/p>\n\n\n\n<h5 class=\"wp-block-heading\" id=\"mce_0\">Kontakt<\/h5>\n\n\n\n<p><span style=\"font-weight: 400\">BZI<br>Bundeszuwanderungs- und Integrationsrat<\/span><\/p>\n\n\n\n<p>Bundesgesch\u00e4ftsstelle: Brunnenstrasse 181, 10119 Berlin<br>Telefon: +49 030 45089119<br>E-Mail: office@bzi-bundesintegrationsrat.de<br>Web: <a rel=\"noreferrer noopener\" target=\"_blank\" href=\"http:\/\/www.bzi-bundesintegrationsrat.de\/\">http:\/\/www.bzi-bundesintegrationsrat.de\/<\/a><br>Facebook: <a rel=\"noreferrer noopener\" target=\"_blank\" href=\"https:\/\/www.facebook.com\/Bundesintegrationsrat\/\">https:\/\/www.facebook.com\/Bundesintegrationsrat\/<\/a><\/p>\n\n\n\n<p> <\/p>\n","protected":false},"excerpt":{"rendered":"<p>Der Bundeszuwanderungs- und Integrationsrat (BZI) wurde in 1998 (damals als Bundesausl\u00e4nderbeirat) als gemeinn\u00fctziger Bundesverband gegr\u00fcndet. Heute repr\u00e4sentiert er etwa 400 Integrationsbeir\u00e4te aus 13 Bundesl\u00e4ndern. Der BZI ist eine \u00fcberkonfessionelle und -parteiliche und Herkunftsl\u00e4nder unabh\u00e4ngige politischen Interessensvertretungen von allen in Deutschland<\/p>\n","protected":false},"author":1,"featured_media":0,"parent":0,"menu_order":0,"comment_status":"closed","ping_status":"closed","template":"","meta":[],"_links":{"self":[{"href":"https:\/\/www.migranet-mv.de\/index.php?rest_route=\/wp\/v2\/pages\/3715"}],"collection":[{"href":"https:\/\/www.migranet-mv.de\/index.php?rest_route=\/wp\/v2\/pages"}],"about":[{"href":"https:\/\/www.migranet-mv.de\/index.php?rest_route=\/wp\/v2\/types\/page"}],"author":[{"embeddable":true,"href":"https:\/\/www.migranet-mv.de\/index.php?rest_route=\/wp\/v2\/users\/1"}],"replies":[{"embeddable":true,"href":"https:\/\/www.migranet-mv.de\/index.php?rest_route=%2Fwp%2Fv2%2Fcomments&post=3715"}],"version-history":[{"count":13,"href":"https:\/\/www.migranet-mv.de\/index.php?rest_route=\/wp\/v2\/pages\/3715\/revisions"}],"predecessor-version":[{"id":3840,"href":"https:\/\/www.migranet-mv.de\/index.php?rest_route=\/wp\/v2\/pages\/3715\/revisions\/3840"}],"wp:attachment":[{"href":"https:\/\/www.migranet-mv.de\/index.php?rest_route=%2Fwp%2Fv2%2Fmedia&parent=3715"}],"curies":[{"name":"wp","href":"https:\/\/api.w.org\/{rel}","templated":true}]}}