{"id":3714,"date":"2019-04-10T18:10:14","date_gmt":"2019-04-10T16:10:14","guid":{"rendered":"https:\/\/www.migranet-mv.de\/?page_id=3714"},"modified":"2019-05-23T17:09:09","modified_gmt":"2019-05-23T15:09:09","slug":"damost","status":"publish","type":"page","link":"https:\/\/www.migranet-mv.de\/?page_id=3714","title":{"rendered":"DaMOst"},"content":{"rendered":"\n<figure class=\"wp-block-image is-resized\"><a href=\"https:\/\/www.damost.de\/\" target=\"_blank\" rel=\"noreferrer noopener\"><img decoding=\"async\" loading=\"lazy\" src=\"https:\/\/www.migranet-mv.de\/wp-content\/uploads\/\u00fcber-uns\/dachverb\u00e4nde\/damost\/Logo-DaMost-1024x399.jpg\" alt=\"\" class=\"wp-image-2103\" width=\"256\" height=\"100\"\/><\/a><\/figure>\n\n\n\n<h5 class=\"wp-block-heading\">Die Notwendigkeit des DaMOst<\/h5>\n\n\n\n<p>In Deutschland leben rund 10,6 Millionen Menschen mit ausl\u00e4ndischer Staatsangeh\u00f6rigkeit. Davon sind max. 0,6 Millionen in den neuen Bundesl\u00e4ndern.<\/p>\n\n\n\n<p>Eine Vernetzung ostdeutscher\nlandesweiter Migrantenvertretungen ist notwendig, da sich <em>&#8211; bedingt durch die unterschiedliche Geschichte in den neuen\nBundesl\u00e4ndern <\/em><em>&#8211;<\/em> eine andere Struktur hinsichtlich\nMigration und Integration herausgebildet hat, die besondere Herausforderungen,\naber auch spezifische potenziale birgt.<\/p>\n\n\n\n<h5 class=\"wp-block-heading\">Gr\u00fcndung des DaMOst<\/h5>\n\n\n\n<div class=\"wp-block-image\"><figure class=\"aligncenter is-resized\"><img decoding=\"async\" loading=\"lazy\" src=\"https:\/\/www.migranet-mv.de\/wp-content\/uploads\/\u00fcber-uns\/dachverb\u00e4nde\/damost\/gr\u00fcndung.png\" alt=\"\" class=\"wp-image-3771\" width=\"500\" height=\"332\"\/><\/figure><\/div>\n\n\n\n<p>Die Netzwerke und Dachverb\u00e4nde der in den ostdeutschen Bundesl\u00e4ndern ans\u00e4ssigen Migrantenorganisationen haben sich in einem \u201eDachverband der Migrantenorganisationen in Ostdeutschland (DaMOst)\u201c zusammengeschlossen.<\/p>\n\n\n<div class=\"su-list\" style=\"margin-left:0px\">\n<ul>\n<li><i class=\"sui sui-genderless\" style=\"color:#32a50a\"><\/i> Gef\u00f6rdert durch BMI und BAMF<\/li>\n<li><i class=\"sui sui-genderless\" style=\"color:#32a50a\"><\/i> Offizielle Gr\u00fcndung 20.10.2018<\/li>\n<\/ul>\n<\/div>\n\n\n\n<h5 class=\"wp-block-heading\">Mitglieder DaMOst<\/h5>\n\n\n\n<div class=\"wp-block-image\"><figure class=\"aligncenter is-resized\"><img decoding=\"async\" loading=\"lazy\" src=\"https:\/\/www.migranet-mv.de\/wp-content\/uploads\/\u00fcber-uns\/dachverb\u00e4nde\/damost\/mitglieder.png\" alt=\"\" class=\"wp-image-3772\" width=\"567\" height=\"336\"\/><\/figure><\/div>\n\n\n\n<div class=\"su-list\" style=\"margin-left:0px\">\n<ul>\n \t<li><i class=\"sui sui-genderless\" style=\"color:#32a50a\"><\/i> <a href=\"https:\/\/www.lamsa.de\/\" target=\"_blank\" rel=\"noopener noreferrer\">LAMSA e.V.<\/a><br>Landesnetzwerk Migrantenorganisationen Sachsen-Anhalt<\/li>\n \t<li><i class=\"sui sui-genderless\" style=\"color:#32a50a\"><\/i> <a href=\"http:\/\/mir-brandenburg.de\/\" target=\"_blank\" rel=\"noopener noreferrer\">MIR e.V.<\/a><br>Migrations- und Integrationsrat Land Brandenburg<\/li>\n \t<li><i class=\"sui sui-genderless\" style=\"color:#32a50a\"><\/i> <a href=\"https:\/\/www.migranet-mv.de\/\" target=\"_blank\" rel=\"noopener noreferrer\">MIGRANET-MV<\/a><br>Landesnetzwerk Migrantenorganisationen Mecklenburg Vorpommern<\/li>\n \t<li><i class=\"sui sui-genderless\" style=\"color:#32a50a\"><\/i> <a href=\"https:\/\/migranetz-thueringen.org\/de\/\" target=\"_blank\" rel=\"noopener noreferrer\">MigraNetz<\/a><br>Landesnetzwerk Migrantenorganisationen Th\u00fcringen<\/li>\n \t<li><i class=\"sui sui-genderless\" style=\"color:#32a50a\"><\/i> <a href=\"http:\/\/dsm-sachsen.de\/\" target=\"_blank\" rel=\"noopener noreferrer\">DSM e.V.<\/a><br>Dachverband s\u00e4chsischer Migrantenorganisationen Sachsen<\/li>\n<\/ul>\n<\/div>\n\n\n\n<h5 class=\"wp-block-heading\">Struktur und Gliederung<\/h5>\n\n\n\n<p><span style=\"font-weight: 400\">Mitgliederversammlung<\/span><\/p>\n\n\n\n<p>Besteht aus 50 Personen, Jeder Landesverband kann bis zu 10     Personen nennen. Die Mitgliederversammlung tagt einmal j\u00e4hrlich.<\/p>\n\n\n\n<p><span style=\"font-weight: 400\">Sprecherrat<\/span><\/p>\n\n\n\n<p>Besteht aus 10 Personen, Jeder Landesverband kann bis zu zwei     Personen entsenden. Der Sprecherrat tagt 3 Mal im Jahr.<\/p>\n\n\n\n<p><span style=\"font-weight: 400\">Sprecher*in<\/span><\/p>\n\n\n\n<p>Wird mit einfacher Mehrheit von der Mitgliederversammlung gew\u00e4hlt.<\/p>\n\n\n\n<p><span style=\"font-weight: 400\">Gesch\u00e4ftsstelle<\/span><\/p>\n\n\n\n<p>Wird von sprecherrat bestellt, in Lamsa verankert, Sitz in Halle.<\/p>\n\n\n\n<h5 class=\"wp-block-heading\">Ziele des Dachverbandes<\/h5>\n\n\n\n<p>DaMOst ist die Interessenvertretung der Migrant*innen aus Ostdeutschland.<\/p>\n\n\n<div class=\"su-list\" style=\"margin-left:0px\">\n<ul>\n<li><i class=\"sui sui-genderless\" style=\"color:#32a50a\"><\/i> St\u00e4rkung der politischen Partizipation und des gesellschaftlichen Engagements von Migrant*innen in den neuen Bundesl\u00e4ndern<\/li>\n<li><i class=\"sui sui-genderless\" style=\"color:#32a50a\"><\/i> Gesellschaft ohne Fremdenfeindlichkeit, Rassismus, Antisemitismus und Rechtsextremismus<\/li>\n<li><i class=\"sui sui-genderless\" style=\"color:#32a50a\"><\/i> Interkulturelle \u00d6ffnung der Gesellschaft<\/li>\n<li><i class=\"sui sui-genderless\" style=\"color:#32a50a\"><\/i> Teilhabe  der Migrant*innen an demokratischen Entscheidungsprozessen<\/li>\n<li><i class=\"sui sui-genderless\" style=\"color:#32a50a\"><\/i> St\u00e4rkung der Potenziale der Migrant*innen und der Kompetenzen der Verb\u00e4nde und deren Mitgliedsorganisationen<\/li>\n<li><i class=\"sui sui-genderless\" style=\"color:#32a50a\"><\/i> Vernetzung und St\u00e4rkung der Netzwerke der Migrantenorganisationen<\/li>\n<\/ul>\n<\/div>\n\n\n\n<h5 class=\"wp-block-heading\">Wie werden die Ziele erreicht?<\/h5>\n\n\n<div class=\"su-list\" style=\"margin-left:0px\">\n<ul>\n<li><i class=\"sui sui-genderless\" style=\"color:#32a50a\"><\/i> Entwicklung, Begleitung, Koordinierung, Beratung und Unterst\u00fctzung fachinhaltlicher Ma\u00dfnahmen in Bezug auf die Integration und Partizipation<\/li>\n<li><i class=\"sui sui-genderless\" style=\"color:#32a50a\"><\/i> Gr\u00fcndung und Planung von geeigneten Formaten f\u00fcr Austauschplattformen zwischen Fachleuten<\/li>\n<li><i class=\"sui sui-genderless\" style=\"color:#32a50a\"><\/i> Zusammenarbeit mit weiteren Organisationen und Initiativen und Durchf\u00fchrung gemeinsamer Projekte<\/li>\n<li><i class=\"sui sui-genderless\" style=\"color:#32a50a\"><\/i> Gespr\u00e4che und Zusammenarbeit mit verschiedenen staatlichen Akteur*innen und Netzwerken auf Landes- und Bundesebene<\/li>\n<li><i class=\"sui sui-genderless\" style=\"color:#32a50a\"><\/i> F\u00f6rderung des regelm\u00e4\u00dfigen Austausches der Mitgliedsorganisationen<\/li>\n<li><i class=\"sui sui-genderless\" style=\"color:#32a50a\"><\/i> Aufbau und Pflege des Kontakt-, Informations- und Kommunikationspools interkultureller Arbeit<\/li>\n<li><i class=\"sui sui-genderless\" style=\"color:#32a50a\"><\/i> Entwicklung der \u00d6ffentlichkeitsarbeit und Kommunikation der Migrantenorganisationen<\/li>\n<li><i class=\"sui sui-genderless\" style=\"color:#32a50a\"><\/i> Koordination und professionelle Unterst\u00fctzung der Aktivit\u00e4ten von Migrantenorganisationen<\/li>\n<\/ul>\n<\/div>\n\n\n\n<h5 class=\"wp-block-heading\">T\u00e4tigkeitsbereiche<\/h5>\n\n\n<div class=\"su-list\" style=\"margin-left:0px\">\n<ul>\n<li><i class=\"sui sui-genderless\" style=\"color:#32a50a\"><\/i> Professionalisierung von Organisationen<\/li>\n<li><i class=\"sui sui-genderless\" style=\"color:#32a50a\"><\/i> Konzepte zur kommunalen und regionalen  Integrationsarbeit<\/li>\n<li><i class=\"sui sui-genderless\" style=\"color:#32a50a\"><\/i> Erarbeitung \u00fcberregionaler Angebotsformen mit Fl\u00fcchtlingsbezug<\/li>\n<li><i class=\"sui sui-genderless\" style=\"color:#32a50a\"><\/i> Zusammenarbeit mit Ehrenamtlichen<\/li>\n<li><i class=\"sui sui-genderless\" style=\"color:#32a50a\"><\/i> Konzeption, Koordination und Begleitung von Projekten<\/li>\n<li><i class=\"sui sui-genderless\" style=\"color:#32a50a\"><\/i> Migrant*innen und Arbeitsmarkt<\/li>\n<li><i class=\"sui sui-genderless\" style=\"color:#32a50a\"><\/i> Interkulturelle Beratung<\/li>\n<li><i class=\"sui sui-genderless\" style=\"color:#32a50a\"><\/i> Bek\u00e4mpfung von Fremdenfeindlichkeit, Rassismus, Antisemitismus und Rechtsextremismus<\/li>\n<\/ul>\n<\/div>\n\n\n\n<h5 class=\"wp-block-heading\">Aufgaben der Gesch\u00e4ftsstelle<\/h5>\n\n\n<div class=\"su-list\" style=\"margin-left:0px\">\n<ul>\n<li><i class=\"sui sui-genderless\" style=\"color:#32a50a\"><\/i> Koordinierung der Zusammenarbeit mit der Integrationsbeauftragten der Bundesregierung<\/li>\n<li><i class=\"sui sui-genderless\" style=\"color:#32a50a\"><\/i> Koordinierung der Zusammenarbeit mit allen au\u00dferhalb des Dachverbands<\/li>\n<li><i class=\"sui sui-genderless\" style=\"color:#32a50a\"><\/i> Sicherstellung der Einbeziehung und Informationsfluss aller Mitglieder<\/li>\n<li><i class=\"sui sui-genderless\" style=\"color:#32a50a\"><\/i> Ansprechpartner f\u00fcr alle Akteur*innen und Multiplikator*innen aus der Politik und \u00d6ffentlichkeit<\/li>\n<li><i class=\"sui sui-genderless\" style=\"color:#32a50a\"><\/i> Konzeption, Koordination und Begleitung von Projekten<\/li>\n<li><i class=\"sui sui-genderless\" style=\"color:#32a50a\"><\/i> Finanzenverwaltung, Verwaltungsarbeit, Konzeption und Durchf\u00fchrung von Tagungen und Seminare<\/li>\n<\/ul>\n<\/div>\n\n\n\n<h5 class=\"wp-block-heading\">Kontakt<\/h5>\n\n\n\n<p><span style=\"font-weight: 400\">DaMOst<br>Dachverband der Migrantenorganisationen in Ostdeutschland<\/span><\/p>\n\n\n\n<p>Adresse:  Wilhelm-K\u00fclz-Stra\u00dfe 22, 06108 Halle<br>Telefon: +49 345 47008721<br>Telefax: +49 345 15149155<br>E-Mail: info@damost.de<br>Web: <a rel=\"noreferrer noopener\" target=\"_blank\" href=\"https:\/\/www.damost.de\/\">https:\/\/www.damost.de\/<\/a><\/p>\n","protected":false},"excerpt":{"rendered":"<p>Die Notwendigkeit des DaMOst In Deutschland leben rund 10,6 Millionen Menschen mit ausl\u00e4ndischer Staatsangeh\u00f6rigkeit. Davon sind max. 0,6 Millionen in den neuen Bundesl\u00e4ndern. Eine Vernetzung ostdeutscher landesweiter Migrantenvertretungen ist notwendig, da sich &#8211; bedingt durch die unterschiedliche Geschichte in den<\/p>\n","protected":false},"author":1,"featured_media":0,"parent":0,"menu_order":0,"comment_status":"closed","ping_status":"closed","template":"","meta":[],"_links":{"self":[{"href":"https:\/\/www.migranet-mv.de\/index.php?rest_route=\/wp\/v2\/pages\/3714"}],"collection":[{"href":"https:\/\/www.migranet-mv.de\/index.php?rest_route=\/wp\/v2\/pages"}],"about":[{"href":"https:\/\/www.migranet-mv.de\/index.php?rest_route=\/wp\/v2\/types\/page"}],"author":[{"embeddable":true,"href":"https:\/\/www.migranet-mv.de\/index.php?rest_route=\/wp\/v2\/users\/1"}],"replies":[{"embeddable":true,"href":"https:\/\/www.migranet-mv.de\/index.php?rest_route=%2Fwp%2Fv2%2Fcomments&post=3714"}],"version-history":[{"count":49,"href":"https:\/\/www.migranet-mv.de\/index.php?rest_route=\/wp\/v2\/pages\/3714\/revisions"}],"predecessor-version":[{"id":4650,"href":"https:\/\/www.migranet-mv.de\/index.php?rest_route=\/wp\/v2\/pages\/3714\/revisions\/4650"}],"wp:attachment":[{"href":"https:\/\/www.migranet-mv.de\/index.php?rest_route=%2Fwp%2Fv2%2Fmedia&parent=3714"}],"curies":[{"name":"wp","href":"https:\/\/api.w.org\/{rel}","templated":true}]}}