{"id":3571,"date":"2019-04-09T20:21:34","date_gmt":"2019-04-09T18:21:34","guid":{"rendered":"https:\/\/www.migranet-mv.de\/?page_id=3571"},"modified":"2019-04-10T20:55:55","modified_gmt":"2019-04-10T18:55:55","slug":"datenschutz","status":"publish","type":"page","link":"https:\/\/www.migranet-mv.de\/?page_id=3571","title":{"rendered":"Datenschutz"},"content":{"rendered":"\n<h5 class=\"wp-block-heading\">Datenschutzerkl\u00e4rung<\/h5>\n\n\n\n<h6 class=\"wp-block-heading\">1. Datenschutz auf einen Blick<\/h6>\n\n\n\n<p class=\"has-text-color has-medium-font-size has-vivid-red-color\">Allgemeine Hinweise<\/p>\n\n\n\n<p>Die\nfolgenden Hinweise geben einen einfachen \u00dcberblick dar\u00fcber, was mit Ihren\npersonenbezogenen Daten passiert, wenn Sie unsere Website besuchen.\nPersonenbezogene Daten sind alle Daten, mit denen Sie pers\u00f6nlich identifiziert\nwerden k\u00f6nnen. Ausf\u00fchrliche Informationen zum Thema Datenschutz entnehmen Sie\nunserer unter diesem Text aufgef\u00fchrten Datenschutzerkl\u00e4rung.<\/p>\n\n\n\n<p class=\"has-text-color has-medium-font-size has-vivid-red-color\">Datenerfassung auf unserer Website<\/p>\n\n\n\n<p><span style=\"font-weight: 400\">Wer ist verantwortlich f\u00fcr die Datenerfassung auf dieser Website?<\/span><\/p>\n\n\n\n<p>Die\nDatenverarbeitung auf dieser Website erfolgt durch den Websitebetreiber. Dessen\nKontaktdaten k\u00f6nnen Sie dem Impressum dieser Website entnehmen.<\/p>\n\n\n\n<p><span style=\"font-weight: 400\">Wie erfassen wir Ihre Daten?<\/span><\/p>\n\n\n\n<p>Ihre Daten\nwerden zum einen dadurch erhoben, dass Sie uns diese mitteilen. Hierbei kann es\nsich z. B. um Daten handeln, die Sie in ein Kontaktformular eingeben.<\/p>\n\n\n\n<p>Andere Daten\nwerden automatisch beim Besuch der Website durch unsere IT-Systeme erfasst. Das\nsind vor allem technische Daten (z. B. Internetbrowser, Betriebssystem oder\nUhrzeit des Seitenaufrufs). Die Erfassung dieser Daten erfolgt automatisch,\nsobald Sie unsere Website betreten.<\/p>\n\n\n\n<p><span style=\"font-weight: 400\">Wof\u00fcr nutzen wir Ihre Daten?<\/span><\/p>\n\n\n\n<p>Ein Teil der\nDaten wird erhoben, um eine fehlerfreie Bereitstellung der Website zu\ngew\u00e4hrleisten. Andere Daten k\u00f6nnen zur Analyse Ihres Nutzerverhaltens verwendet\nwerden.<\/p>\n\n\n\n<p><span style=\"font-weight: 400\">Welche Rechte haben Sie bez\u00fcglich Ihrer Daten?<\/span><\/p>\n\n\n\n<p>Sie haben\njederzeit das Recht unentgeltlich Auskunft \u00fcber Herkunft, Empf\u00e4nger und Zweck\nIhrer gespeicherten personenbezogenen Daten zu erhalten. Sie haben au\u00dferdem ein\nRecht, die Berichtigung, Sperrung oder L\u00f6schung dieser Daten zu verlangen.\nHierzu sowie zu weiteren Fragen zum Thema Datenschutz k\u00f6nnen Sie sich jederzeit\nunter der im Impressum angegebenen Adresse an uns wenden. Des Weiteren steht\nIhnen ein Beschwerderecht bei der zust\u00e4ndigen Aufsichtsbeh\u00f6rde zu.<\/p>\n\n\n\n<p>Au\u00dferdem\nhaben Sie das Recht, unter bestimmten Umst\u00e4nden die Einschr\u00e4nkung der\nVerarbeitung Ihrer personenbezogenen Daten zu verlangen. Details hierzu\nentnehmen Sie der Datenschutzerkl\u00e4rung unter \u201eRecht auf Einschr\u00e4nkung der\nVerarbeitung\u201c.<\/p>\n\n\n\n<h6 class=\"wp-block-heading\">2. Allgemeine Hinweise und Pflichtinformationen<\/h6>\n\n\n\n<p class=\"has-text-color has-medium-font-size has-vivid-red-color\">Datenschutz<\/p>\n\n\n\n<p>Die\nBetreiber dieser Seiten nehmen den Schutz Ihrer pers\u00f6nlichen Daten sehr ernst.\nWir behandeln Ihre personenbezogenen Daten vertraulich und entsprechend der\ngesetzlichen Datenschutzvorschriften sowie dieser Datenschutzerkl\u00e4rung.<\/p>\n\n\n\n<p>Wenn Sie\ndiese Website benutzen, werden verschiedene personenbezogene Daten erhoben.\nPersonenbezogene Daten sind Daten, mit denen Sie pers\u00f6nlich identifiziert werden\nk\u00f6nnen. Die vorliegende Datenschutzerkl\u00e4rung erl\u00e4utert, welche Daten wir\nerheben und wof\u00fcr wir sie nutzen. Sie erl\u00e4utert auch, wie und zu welchem Zweck\ndas geschieht.<\/p>\n\n\n\n<p>Wir weisen\ndarauf hin, dass die Daten\u00fcbertragung im Internet (z. B. bei der Kommunikation\nper E-Mail) Sicherheitsl\u00fccken aufweisen kann. Ein l\u00fcckenloser Schutz der Daten\nvor dem Zugriff durch Dritte ist nicht m\u00f6glich.<\/p>\n\n\n\n<p class=\"has-text-color has-medium-font-size has-vivid-red-color\">Hinweis zur verantwortlichen Stelle<\/p>\n\n\n\n<p>Die verantwortliche Stelle f\u00fcr die Datenverarbeitung auf dieser Website ist:<br>MIGRANET-MV<br>Netzwerk der Migrantenselbstorganisationen in Mecklenburg-Vorpommern<br>c\/o FABRO e.V.<br>Dr. Rub\u00e9n C\u00e1rdenas Carbajal<\/p>\n\n\n\n<p>Adresse: Waldemarstra\u00dfe 33, 18057 Rostock<br>Telefon: +49 381 1286990<br>E-Mail: <a href=\"mailto:fabro1-ev@t-online.de\">fabro1-ev@t-online.de<\/a><\/p>\n\n\n\n<p>Verantwortliche\nStelle ist die nat\u00fcrliche oder juristische Person, die allein oder gemeinsam\nmit anderen \u00fcber die Zwecke und Mittel der Verarbeitung von personenbezogenen\nDaten (z. B. Namen, E-Mail-Adressen o. \u00c4.) entscheidet.<\/p>\n\n\n\n<p class=\"has-text-color has-medium-font-size has-vivid-red-color\">Widerruf Ihrer Einwilligung zur Datenverarbeitung<\/p>\n\n\n\n<p>Viele\nDatenverarbeitungsvorg\u00e4nge sind nur mit Ihrer ausdr\u00fccklichen Einwilligung\nm\u00f6glich. Sie k\u00f6nnen eine bereits erteilte Einwilligung jederzeit widerrufen.\nDazu reicht eine formlose Mitteilung per E-Mail an uns. Die Rechtm\u00e4\u00dfigkeit der\nbis zum Widerruf erfolgten Datenverarbeitung bleibt vom Widerruf unber\u00fchrt.<\/p>\n\n\n\n<p class=\"has-text-color has-medium-font-size has-vivid-red-color\">Widerspruchsrecht gegen die Datenerhebung in besonderen F\u00e4llen sowie gegen Direktwerbung (Art. 21 DSGVO) <\/p>\n\n\n\n<p><span style=\"color: #32a50a\">Wenn die Datenverarbeitung auf Grundlage von Art. 6 Abs. 1 lit. e oder f DSGVO erfolgt, haben Sie jederzeit das Recht, aus Gr\u00fcnden, die sich aus Ihrer besonderen Situation ergeben, gegen die Verarbeitung Ihrer personenbezogenen Daten Widerspruch einzulegen; dies gilt auch f\u00fcr ein auf diese Bestimmungen gest\u00fctztes Profiling. Die jeweilige Rechtsgrundlage, auf denen eine Verarbeitung beruht, entnehmen Sie dieser Datenschutzerkl\u00e4rung. Wenn Sie Widerspruch einlegen, werden wir Ihre betroffenen personenbezogenen Daten nicht mehr verarbeiten, es sei denn, wir k\u00f6nnen zwingende schutzw\u00fcrdige Gr\u00fcnde f\u00fcr die Verarbeitung nachweisen, die Ihre Interessen, Rechte und Freiheiten \u00fcberwiegen oder die Verarbeitung dient der Geltendmachung, Aus\u00fcbung oder Verteidigung von Rechtsanspr\u00fcchen (Widerspruch nach Art. 21 Abs. 1 DSGVO).<\/span><\/p>\n\n\n\n<p><span style=\"color: #32a50a\">Werden Ihre personenbezogenen Daten verarbeitet, um Direktwerbung zu betreiben, so haben Sie das Recht, jederzeit Widerspruch gegen die Verarbeitung Sie betreffender personenbezogener Daten zum Zwecke derartiger Werbung einzulegen; dies gilt auch f\u00fcr das Profiling, soweit es mit solcher Direktwerbung in Verbindung steht. Wenn Sie widersprechen, werden Ihre personenbezogenen Daten anschlie\u00dfend nicht mehr zum Zwecke der Direktwerbung verwendet (Widerspruch nach Art. 21 Abs. 2 DSGVO).\ufeff<\/span><\/p>\n\n\n\n<p class=\"has-text-color has-medium-font-size has-vivid-red-color\">Beschwerderecht bei der zust\u00e4ndigen Aufsichtsbeh\u00f6rdet<\/p>\n\n\n\n<p>Im Falle von\nVerst\u00f6\u00dfen gegen die DSGVO steht den Betroffenen ein Beschwerderecht bei einer\nAufsichtsbeh\u00f6rde, insbesondere in dem Mitgliedstaat ihres gew\u00f6hnlichen\nAufenthalts, ihres Arbeitsplatzes oder des Orts des mutma\u00dflichen Versto\u00dfes zu.\nDas Beschwerderecht besteht unbeschadet anderweitiger verwaltungsrechtlicher\noder gerichtlicher Rechtsbehelfe.<\/p>\n\n\n\n<p class=\"has-text-color has-medium-font-size has-vivid-red-color\">\ufeffRecht auf Daten\u00fcbertragbarkeit<\/p>\n\n\n\n<p>Sie haben\ndas Recht, Daten, die wir auf Grundlage Ihrer Einwilligung oder in Erf\u00fcllung\neines Vertrags automatisiert verarbeiten, an sich oder an einen Dritten in\neinem g\u00e4ngigen, maschinenlesbaren Format aush\u00e4ndigen zu lassen. Sofern Sie die\ndirekte \u00dcbertragung der Daten an einen anderen Verantwortlichen verlangen,\nerfolgt dies nur, soweit es technisch machbar ist.<\/p>\n\n\n\n<p class=\"has-text-color has-medium-font-size has-vivid-red-color\">SSL- bzw. TLS-Verschl\u00fcsselung<\/p>\n\n\n\n<p>Diese Seite\nnutzt aus Sicherheitsgr\u00fcnden und zum Schutz der \u00dcbertragung vertraulicher\nInhalte, wie zum Beispiel Bestellungen oder Anfragen, die Sie an uns als\nSeitenbetreiber senden, eine SSL-bzw. TLS-Verschl\u00fcsselung. Eine verschl\u00fcsselte\nVerbindung erkennen Sie daran, dass die Adresszeile des Browsers von \u201ehttp:\/\/\u201c\nauf \u201ehttps:\/\/\u201c wechselt und an dem Schloss-Symbol in Ihrer Browserzeile.<\/p>\n\n\n\n<p>Wenn die\nSSL- bzw. TLS-Verschl\u00fcsselung aktiviert ist, k\u00f6nnen die Daten, die Sie an uns\n\u00fcbermitteln, nicht von Dritten mitgelesen werden.<\/p>\n\n\n\n<p class=\"has-text-color has-medium-font-size has-vivid-red-color\">Auskunft, Sperrung, L\u00f6schung und Berichtigung<\/p>\n\n\n\n<p>Sie haben im\nRahmen der geltenden gesetzlichen Bestimmungen jederzeit das Recht auf\nunentgeltliche Auskunft \u00fcber Ihre gespeicherten personenbezogenen Daten, deren\nHerkunft und Empf\u00e4nger und den Zweck der Datenverarbeitung und ggf. ein Recht\nauf Berichtigung, Sperrung oder L\u00f6schung dieser Daten. Hierzu sowie zu weiteren\nFragen zum Thema personenbezogene Daten k\u00f6nnen Sie sich jederzeit unter der im\nImpressum angegebenen Adresse an uns wenden.<\/p>\n\n\n\n<p class=\"has-text-color has-medium-font-size has-vivid-red-color\">Recht auf Einschr\u00e4nkung der Verarbeitung<\/p>\n\n\n\n<p>Sie haben\ndas Recht, die Einschr\u00e4nkung der Verarbeitung Ihrer personenbezogenen Daten zu\nverlangen. Hierzu k\u00f6nnen Sie sich jederzeit unter der im Impressum angegebenen\nAdresse an uns wenden. Das Recht auf Einschr\u00e4nkung der Verarbeitung besteht in\nfolgenden F\u00e4llen:<\/p>\n\n\n<div class=\"su-list\" style=\"margin-left:0px\">\n<ul>\n<li><i class=\"sui sui-genderless\" style=\"color:#32a50a\"><\/i> Wenn Sie die Richtigkeit Ihrer bei uns gespeicherten personenbezogenen Daten bestreiten, ben\u00f6tigen wir in der Regel Zeit, um dies zu \u00fcberpr\u00fcfen. F\u00fcr die Dauer der Pr\u00fcfung haben Sie das Recht, die Einschr\u00e4nkung der Verarbeitung Ihrer personenbezogenen Daten zu verlangen.<\/li>\n<li><i class=\"sui sui-genderless\" style=\"color:#32a50a\"><\/i> Wenn die Verarbeitung Ihrer personenbezogenen Daten unrechtm\u00e4\u00dfig geschah\/geschieht, k\u00f6nnen Sie statt der L\u00f6schung die Einschr\u00e4nkung der Datenverarbeitung verlangen.<\/li>\n<li><i class=\"sui sui-genderless\" style=\"color:#32a50a\"><\/i> Wenn wir Ihre personenbezogenen Daten nicht mehr ben\u00f6tigen, Sie sie jedoch zur Aus\u00fcbung, Verteidigung oder Geltendmachung von Rechtsanspr\u00fcchen ben\u00f6tigen, haben Sie das Recht, statt der L\u00f6schung die Einschr\u00e4nkung der Verarbeitung Ihrer personenbezogenen Daten zu verlangen.<\/li>\n<li><i class=\"sui sui-genderless\" style=\"color:#32a50a\"><\/i> Wenn Sie einen Widerspruch nach Art. 21 Abs. 1 DSGVO eingelegt haben, muss eine Abw\u00e4gung zwischen Ihren und unseren Interessen vorgenommen werden. Solange noch nicht feststeht, wessen Interessen \u00fcberwiegen, haben Sie das Recht, die Einschr\u00e4nkung der Verarbeitung Ihrer personenbezogenen Daten zu verlangen.<\/li>\n<\/ul>\n<\/div>\n\n\n\n<p>Wenn Sie die\nVerarbeitung Ihrer personenbezogenen Daten eingeschr\u00e4nkt haben, d\u00fcrfen diese\nDaten \u2013 von ihrer Speicherung abgesehen \u2013 nur mit Ihrer Einwilligung oder zur\nGeltendmachung, Aus\u00fcbung oder Verteidigung von Rechtsanspr\u00fcchen oder zum Schutz\nder Rechte einer anderen nat\u00fcrlichen oder juristischen Person oder aus Gr\u00fcnden\neines wichtigen \u00f6ffentlichen Interesses der Europ\u00e4ischen Union oder eines\nMitgliedstaats verarbeitet werden.<\/p>\n\n\n\n<h6 class=\"wp-block-heading\">3. Datenerfassung auf unserer Website<\/h6>\n\n\n\n<p class=\"has-text-color has-medium-font-size has-vivid-red-color\">Cookies<\/p>\n\n\n\n<p>Die\nInternetseiten verwenden teilweise so genannte Cookies. Cookies richten auf\nIhrem Rechner keinen Schaden an und enthalten keine Viren. Cookies dienen dazu,\nunser Angebot nutzerfreundlicher, effektiver und sicherer zu machen. Cookies\nsind kleine Textdateien, die auf Ihrem Rechner abgelegt werden und die Ihr\nBrowser speichert.<\/p>\n\n\n\n<p>Die meisten\nder von uns verwendeten Cookies sind so genannte \u201eSession-Cookies\u201c. Sie werden\nnach Ende Ihres Besuchs automatisch gel\u00f6scht. Andere Cookies bleiben auf Ihrem\nEndger\u00e4t gespeichert bis Sie diese l\u00f6schen. Diese Cookies erm\u00f6glichen es uns,\nIhren Browser beim n\u00e4chsten Besuch wiederzuerkennen.<\/p>\n\n\n\n<p>Sie k\u00f6nnen\nIhren Browser so einstellen, dass Sie \u00fcber das Setzen von Cookies informiert\nwerden und Cookies nur im Einzelfall erlauben, die Annahme von Cookies f\u00fcr bestimmte\nF\u00e4lle oder generell ausschlie\u00dfen sowie das automatische L\u00f6schen der Cookies\nbeim Schlie\u00dfen des Browser aktivieren. Bei der Deaktivierung von Cookies kann\ndie Funktionalit\u00e4t dieser Website eingeschr\u00e4nkt sein.<\/p>\n\n\n\n<p>Cookies, die\nzur Durchf\u00fchrung des elektronischen Kommunikationsvorgangs oder zur\nBereitstellung bestimmter, von Ihnen erw\u00fcnschter Funktionen (z. B.\nWarenkorbfunktion) erforderlich sind, werden auf Grundlage von Art. 6 Abs. 1\nlit. f DSGVO gespeichert. Der Websitebetreiber hat ein berechtigtes Interesse\nan der Speicherung von Cookies zur technisch fehlerfreien und optimierten\nBereitstellung seiner Dienste. Soweit andere Cookies (z. B. Cookies zur Analyse\nIhres Surfverhaltens) gespeichert werden, werden diese in dieser\nDatenschutzerkl\u00e4rung gesondert behandelt.<\/p>\n\n\n\n<p class=\"has-text-color has-medium-font-size has-vivid-red-color\">Server-Log-Dateien<\/p>\n\n\n\n<p>Der Provider\nder Seiten erhebt und speichert automatisch Informationen in so genannten\nServer-Log-Dateien, die Ihr Browser automatisch an uns \u00fcbermittelt. Dies sind:<\/p>\n\n\n<div class=\"su-list\" style=\"margin-left:0px\">\n<ul>\n<li><i class=\"sui sui-genderless\" style=\"color:#32a50a\"><\/i> Browsertyp und Browserversion<\/li>\n<li><i class=\"sui sui-genderless\" style=\"color:#32a50a\"><\/i> verwendetes Betriebssystem<\/li>\n<li><i class=\"sui sui-genderless\" style=\"color:#32a50a\"><\/i> Referrer URL<\/li>\n<li><i class=\"sui sui-genderless\" style=\"color:#32a50a\"><\/i> Hostname des zugreifenden Rechners<\/li>\n<li><i class=\"sui sui-genderless\" style=\"color:#32a50a\"><\/i> Uhrzeit der Serveranfrage<\/li>\n<li><i class=\"sui sui-genderless\" style=\"color:#32a50a\"><\/i> IP-Adresse<\/li>\n<\/ul>\n<\/div>\n\n\n\n<p>Eine\nZusammenf\u00fchrung dieser Daten mit anderen Datenquellen wird nicht vorgenommen.<\/p>\n\n\n\n<p>Die\nErfassung dieser Daten erfolgt auf Grundlage von Art. 6 Abs. 1 lit. f DSGVO.\nDer Websitebetreiber hat ein berechtigtes Interesse an der technisch\nfehlerfreien Darstellung und der Optimierung seiner Website \u2013 hierzu m\u00fcssen die\nServer-Log-Files erfasst werden.<\/p>\n\n\n\n<p class=\"has-text-color has-medium-font-size has-vivid-red-color\">Kontaktformular<\/p>\n\n\n\n<p>Wenn Sie uns\nper Kontaktformular Anfragen zukommen lassen, werden Ihre Angaben aus dem\nAnfrageformular inklusive der von Ihnen dort angegebenen Kontaktdaten zwecks\nBearbeitung der Anfrage und f\u00fcr den Fall von Anschlussfragen bei uns\ngespeichert. Diese Daten geben wir nicht ohne Ihre Einwilligung weiter.<\/p>\n\n\n\n<p>Die\nVerarbeitung der in das Kontaktformular eingegebenen Daten erfolgt somit\nausschlie\u00dflich auf Grundlage Ihrer Einwilligung (Art. 6 Abs. 1 lit. a DSGVO).\nSie k\u00f6nnen diese Einwilligung jederzeit widerrufen. Dazu reicht eine formlose\nMitteilung per E-Mail an uns. Die Rechtm\u00e4\u00dfigkeit der bis zum Widerruf erfolgten\nDatenverarbeitungsvorg\u00e4nge bleibt vom Widerruf unber\u00fchrt.<\/p>\n\n\n\n<p>Die von\nIhnen im Kontaktformular eingegebenen Daten verbleiben bei uns, bis Sie uns zur\nL\u00f6schung auffordern, Ihre Einwilligung zur Speicherung widerrufen oder der\nZweck f\u00fcr die Datenspeicherung entf\u00e4llt (z. B. nach abgeschlossener Bearbeitung\nIhrer Anfrage). Zwingende gesetzliche Bestimmungen \u2013 insbesondere\nAufbewahrungsfristen \u2013 bleiben unber\u00fchrt.<\/p>\n\n\n\n<p class=\"has-text-color has-medium-font-size has-vivid-red-color\">Anfrage per E-Mail, Telefon oder Telefax<\/p>\n\n\n\n<p>Wenn Sie uns\nper E-Mail, Telefon oder Telefax kontaktieren, wird Ihre Anfrage inklusive\naller daraus hervorgehenden personenbezogenen Daten (Name, Anfrage) zum Zwecke\nder Bearbeitung Ihres Anliegens bei uns gespeichert und verarbeitet. Diese\nDaten geben wir nicht ohne Ihre Einwilligung weiter.<\/p>\n\n\n\n<p>Die\nVerarbeitung dieser Daten erfolgt auf Grundlage von Art. 6 Abs. 1 lit. b DSGVO,\nsofern Ihre Anfrage mit der Erf\u00fcllung eines Vertrags zusammenh\u00e4ngt oder zur\nDurchf\u00fchrung vorvertraglicher Ma\u00dfnahmen erforderlich ist. In allen \u00fcbrigen\nF\u00e4llen beruht die Verarbeitung auf Ihrer Einwilligung (Art. 6 Abs. 1 lit. a\nDSGVO) und\/oder auf unseren berechtigten Interessen (Art. 6 Abs. 1 lit. f\nDSGVO), da wir ein berechtigtes Interesse an der effektiven Bearbeitung der an\nuns gerichteten Anfragen haben.<\/p>\n\n\n\n<p>Die von\nIhnen an uns per Kontaktanfragen \u00fcbersandten Daten verbleiben bei uns, bis Sie\nuns zur L\u00f6schung auffordern, Ihre Einwilligung zur Speicherung widerrufen oder\nder Zweck f\u00fcr die Datenspeicherung entf\u00e4llt (z. B. nach abgeschlossener\nBearbeitung Ihres Anliegens). Zwingende gesetzliche Bestimmungen \u2013 insbesondere\ngesetzliche Aufbewahrungsfristen \u2013 bleiben unber\u00fchrt.Soziale Medien<\/p>\n\n\n\n<h6 class=\"wp-block-heading\">4. Soziale Medien<\/h6>\n\n\n\n<p class=\"has-text-color has-medium-font-size has-vivid-red-color\">Social-Media-Plugins mit Shariff<\/p>\n\n\n\n<p>Auf unseren\nSeiten werden Plugins von sozialen Medien verwendet (z. B. Facebook, Twitter, Google+,\nInstagram, Pinterest, XING, LinkedIn, Tumblr).<\/p>\n\n\n\n<p>Die Plugins\nk\u00f6nnen Sie in der Regel anhand der jeweiligen Social-Media-Logos erkennen. Um\nden Datenschutz auf unserer Website zu gew\u00e4hrleisten, verwenden wir diese\nPlugins nur zusammen mit der sogenannten \u201eShariff\u201c-L\u00f6sung. Diese Anwendung\nverhindert, dass die auf unserer Website integrierten Plugins Daten schon beim\nersten Betreten der Seite an den jeweiligen Anbieter \u00fcbertragen.<\/p>\n\n\n\n<p>Erst wenn\nSie das jeweilige Plugin durch Anklicken der zugeh\u00f6rigen Schaltfl\u00e4che\naktivieren, wird eine direkte Verbindung zum Server des Anbieters hergestellt\n(Einwilligung). Sobald Sie das Plugin aktivieren, erh\u00e4lt der jeweilige Anbieter\ndie Information, dass Sie mit Ihrer IP-Adresse unsere Seite besucht haben. Wenn\nSie gleichzeitig in Ihrem jeweiligen Social-Media-Account (z. B. Facebook)\neingeloggt sind, kann der jeweilige Anbieter den Besuch unserer Seiten Ihrem\nBenutzerkonto zuordnen.\n\nDas Aktivieren des Plugins stellt eine Einwilligung\nim Sinne des Art. 6 Abs. 1 lit. a DSGVO dar. Diese Einwilligung k\u00f6nnen Sie\njederzeit mit Wirkung f\u00fcr die Zukunft widerrufen.\n\n\n\n<\/p>\n","protected":false},"excerpt":{"rendered":"<p>Datenschutzerkl\u00e4rung 1. Datenschutz auf einen Blick Allgemeine Hinweise Die folgenden Hinweise geben einen einfachen \u00dcberblick dar\u00fcber, was mit Ihren personenbezogenen Daten passiert, wenn Sie unsere Website besuchen. Personenbezogene Daten sind alle Daten, mit denen Sie pers\u00f6nlich identifiziert werden k\u00f6nnen. Ausf\u00fchrliche<\/p>\n","protected":false},"author":1,"featured_media":0,"parent":0,"menu_order":0,"comment_status":"closed","ping_status":"closed","template":"","meta":[],"_links":{"self":[{"href":"https:\/\/www.migranet-mv.de\/index.php?rest_route=\/wp\/v2\/pages\/3571"}],"collection":[{"href":"https:\/\/www.migranet-mv.de\/index.php?rest_route=\/wp\/v2\/pages"}],"about":[{"href":"https:\/\/www.migranet-mv.de\/index.php?rest_route=\/wp\/v2\/types\/page"}],"author":[{"embeddable":true,"href":"https:\/\/www.migranet-mv.de\/index.php?rest_route=\/wp\/v2\/users\/1"}],"replies":[{"embeddable":true,"href":"https:\/\/www.migranet-mv.de\/index.php?rest_route=%2Fwp%2Fv2%2Fcomments&post=3571"}],"version-history":[{"count":50,"href":"https:\/\/www.migranet-mv.de\/index.php?rest_route=\/wp\/v2\/pages\/3571\/revisions"}],"predecessor-version":[{"id":4643,"href":"https:\/\/www.migranet-mv.de\/index.php?rest_route=\/wp\/v2\/pages\/3571\/revisions\/4643"}],"wp:attachment":[{"href":"https:\/\/www.migranet-mv.de\/index.php?rest_route=%2Fwp%2Fv2%2Fmedia&parent=3571"}],"curies":[{"name":"wp","href":"https:\/\/api.w.org\/{rel}","templated":true}]}}