{"id":3569,"date":"2019-04-09T20:21:34","date_gmt":"2019-04-09T18:21:34","guid":{"rendered":"https:\/\/www.migranet-mv.de\/?page_id=3569"},"modified":"2019-04-10T20:57:12","modified_gmt":"2019-04-10T18:57:12","slug":"impressum","status":"publish","type":"page","link":"https:\/\/www.migranet-mv.de\/?page_id=3569","title":{"rendered":"Impressum"},"content":{"rendered":"\n<h5 class=\"wp-block-heading\">Impressum<\/h5>\n\n\n\n<h6 class=\"wp-block-heading\">Angaben gem\u00e4\u00df \u00a7 5 TMG<\/h6>\n\n\n\n<p><span style=\"font-weight: 400\">MIGRANET-MV<br>Netzwerk der Migrantenselbstorganisationen in Mecklenburg-Vorpommern<\/span><br>c\/o FABRO e.V. | F\u00f6rderverein des Migrantenrates der Hansestadt Rostock e.V. <\/p>\n\n\n\n<p>Adresse: Waldemarstra\u00dfe 33, 18057 Rostock<\/p>\n\n\n\n<p>Vereinsregister: VR-1961<\/p>\n\n\n\n<p>Registergericht: Amtsgericht Rostock<\/p>\n\n\n\n<p><span style=\"font-weight: 400\">Vertreten durch den Vorstand: <\/span>Juri Rosov<\/p>\n\n\n\n<p class=\"has-text-color has-medium-font-size has-vivid-red-color\">Kontakt<\/p>\n\n\n\n<p>Telefon: +49 381 1286990<br>E-Mail: <a href=\"mailto:fabro1-ev@t-online.de\">fabro1-ev@t-online.de<\/a><\/p>\n\n\n\n<p class=\"has-text-color has-medium-font-size has-vivid-red-color\">Postadresse<\/p>\n\n\n\n<p>MIGRANET-MV Gesch\u00e4ftsstelle::<br>FABRO e.V.<br>Waldemarstra\u00dfe 33<br>18057 Rostock<\/p>\n\n\n\n<p>Telefon: +49 381 1286990<br>E-Mail: <a href=\"mailto:fabro1-ev@t-online.de\">fabro1-ev@t-online.de<\/a><\/p>\n\n\n\n<p><span style=\"color: #32a50a\">Wir sind nicht bereit oder verpflichtet, an Streitbeilegungsverfahren vor einer Verbraucherschlichtungsstelle teilzunehmen.<\/span><\/p>\n\n\n\n<h6 class=\"wp-block-heading\">Haftung f\u00fcr Inhalte<\/h6>\n\n\n\n<p>Als\nDiensteanbieter sind wir gem\u00e4\u00df \u00a7 7 Abs.1 TMG f\u00fcr eigene Inhalte auf diesen\nSeiten nach den allgemeinen Gesetzen verantwortlich. Nach \u00a7\u00a7 8 bis 10 TMG sind\nwir als Diensteanbieter jedoch nicht verpflichtet, \u00fcbermittelte oder\ngespeicherte fremde Informationen zu \u00fcberwachen oder nach Umst\u00e4nden zu\nforschen, die auf eine rechtswidrige T\u00e4tigkeit hinweisen.<\/p>\n\n\n\n<p>Verpflichtungen\nzur Entfernung oder Sperrung der Nutzung von Informationen nach den allgemeinen\nGesetzen bleiben hiervon unber\u00fchrt. Eine diesbez\u00fcgliche Haftung ist jedoch erst\nab dem Zeitpunkt der Kenntnis einer konkreten Rechtsverletzung m\u00f6glich. Bei\nBekanntwerden von entsprechenden Rechtsverletzungen werden wir diese Inhalte\numgehend entfernen.<\/p>\n\n\n\n<h6 class=\"wp-block-heading\">Haftung f\u00fcr Links<\/h6>\n\n\n\n<p>Unser\nAngebot enth\u00e4lt Links zu externen Websites Dritter, auf deren Inhalte wir\nkeinen Einfluss haben. Deshalb k\u00f6nnen wir f\u00fcr diese fremden Inhalte auch keine\nGew\u00e4hr \u00fcbernehmen. F\u00fcr die Inhalte der verlinkten Seiten ist stets der\njeweilige Anbieter oder Betreiber der Seiten verantwortlich. Die verlinkten\nSeiten wurden zum Zeitpunkt der Verlinkung auf m\u00f6gliche Rechtsverst\u00f6\u00dfe\n\u00fcberpr\u00fcft. Rechtswidrige Inhalte waren zum Zeitpunkt der Verlinkung nicht\nerkennbar.<\/p>\n\n\n\n<p>Eine\npermanente inhaltliche Kontrolle der verlinkten Seiten ist jedoch ohne konkrete\nAnhaltspunkte einer Rechtsverletzung nicht zumutbar. Bei Bekanntwerden von\nRechtsverletzungen werden wir derartige Links umgehend entfernen.<\/p>\n\n\n\n<h6 class=\"wp-block-heading\">Urheberrecht<\/h6>\n\n\n\n<p>Die durch\ndie Seitenbetreiber erstellten Inhalte und Werke auf diesen Seiten unterliegen\ndem deutschen Urheberrecht. Die Vervielf\u00e4ltigung, Bearbeitung, Verbreitung und\njede Art der Verwertung au\u00dferhalb der Grenzen des Urheberrechtes bed\u00fcrfen der\nschriftlichen Zustimmung des jeweiligen Autors bzw. Erstellers. Downloads und\nKopien dieser Seite sind nur f\u00fcr den privaten, nicht kommerziellen Gebrauch\ngestattet.\n\nSoweit die Inhalte auf dieser Seite nicht vom Betreiber\nerstellt wurden, werden die Urheberrechte Dritter beachtet. Insbesondere werden\nInhalte Dritter als solche gekennzeichnet. Sollten Sie trotzdem auf eine\nUrheberrechtsverletzung aufmerksam werden, bitten wir um einen entsprechenden\nHinweis. Bei Bekanntwerden von Rechtsverletzungen werden wir derartige Inhalte\numgehend entfernen.\n\n\n\n<\/p>\n","protected":false},"excerpt":{"rendered":"<p>Impressum Angaben gem\u00e4\u00df \u00a7 5 TMG MIGRANET-MVNetzwerk der Migrantenselbstorganisationen in Mecklenburg-Vorpommernc\/o FABRO e.V. | F\u00f6rderverein des Migrantenrates der Hansestadt Rostock e.V. Adresse: Waldemarstra\u00dfe 33, 18057 Rostock Vereinsregister: VR-1961 Registergericht: Amtsgericht Rostock Vertreten durch den Vorstand: Juri Rosov Kontakt Telefon: +49<\/p>\n","protected":false},"author":1,"featured_media":0,"parent":0,"menu_order":0,"comment_status":"closed","ping_status":"closed","template":"","meta":[],"_links":{"self":[{"href":"https:\/\/www.migranet-mv.de\/index.php?rest_route=\/wp\/v2\/pages\/3569"}],"collection":[{"href":"https:\/\/www.migranet-mv.de\/index.php?rest_route=\/wp\/v2\/pages"}],"about":[{"href":"https:\/\/www.migranet-mv.de\/index.php?rest_route=\/wp\/v2\/types\/page"}],"author":[{"embeddable":true,"href":"https:\/\/www.migranet-mv.de\/index.php?rest_route=\/wp\/v2\/users\/1"}],"replies":[{"embeddable":true,"href":"https:\/\/www.migranet-mv.de\/index.php?rest_route=%2Fwp%2Fv2%2Fcomments&post=3569"}],"version-history":[{"count":34,"href":"https:\/\/www.migranet-mv.de\/index.php?rest_route=\/wp\/v2\/pages\/3569\/revisions"}],"predecessor-version":[{"id":3788,"href":"https:\/\/www.migranet-mv.de\/index.php?rest_route=\/wp\/v2\/pages\/3569\/revisions\/3788"}],"wp:attachment":[{"href":"https:\/\/www.migranet-mv.de\/index.php?rest_route=%2Fwp%2Fv2%2Fmedia&parent=3569"}],"curies":[{"name":"wp","href":"https:\/\/api.w.org\/{rel}","templated":true}]}}